{"id":35,"date":"2026-03-17T16:17:41","date_gmt":"2026-03-17T16:17:41","guid":{"rendered":"https:\/\/askolankuitu.fi\/index.php\/askolankuitu\/"},"modified":"2026-03-17T16:25:51","modified_gmt":"2026-03-17T16:25:51","slug":"askolankuitu","status":"publish","type":"page","link":"https:\/\/askolankuitu.fi\/","title":{"rendered":"AskolanKuitu"},"content":{"rendered":"<div class=\"\" style=\"\" >\n    \n    <section class=\"u-clearfix u-image u-shading u-section-2\" id=\"yritys\" data-image-width=\"425\" data-image-height=\"298\" style=\"background-image: linear-gradient(0deg, rgba(0, 0, 0, 0.35), rgba(0, 0, 0, 0.35)), url(&quot;https:\/\/askolankuitu.fi\/wp-content\/uploads\/2026\/03\/photo-1607723619307-260d7a1e1f12.jpeg&quot;);\">\n      <div class=\"u-clearfix u-sheet u-sheet-1\">\n        <h1 class=\"u-align-left u-text u-text-1\"> Luotettavaa valokuidun hitsausta verkkoyhti\u00f6lle<\/h1>\n        <h5 class=\"u-align-left u-text u-text-2\"> Askolan Kuitu on valokuiturakentamisen huippuosaaja. Olemme erikoistuneet valokuituverkkojen rakentamiseen, asennukseen ja yll\u00e4pitoon.<\/h5>\n        <a href=\"https:\/\/askolankuitu.fi\/index.php\/askolankuitu\/#otayhteytta\" class=\"u-active-white u-border-none u-btn u-button-style u-hover-grey-50 u-palette-2-base u-text-body-alt-color u-btn-1\">Ota yhteytt\u00e4!<\/a>\n      <\/div>\n    <\/section>\n    <section class=\"u-clearfix u-palette-2-light-3 u-section-3\" id=\"palvelut\">\n      <div class=\"u-clearfix u-sheet u-valign-middle-lg u-valign-middle-md u-valign-middle-sm u-valign-middle-xs u-sheet-1\">\n        <img decoding=\"async\" class=\"u-expanded-width u-image u-image-default u-image-1\" src=\"https:\/\/askolankuitu.fi\/wp-content\/uploads\/2026\/03\/photo-1607723619497-98a79f01ba90.jpeg\" alt=\"\" data-image-width=\"1080\" data-image-height=\"579\">\n        <h3 class=\"u-text u-text-1\"> Vahvuutemme \u2013 Ammattitaito, kalusto ja turvallisuus<\/h3>\n        <div class=\"u-expanded-width u-list u-list-1\">\n          <div class=\"u-repeater u-repeater-1\">\n            <div class=\"u-container-style u-list-item u-repeater-item\">\n              <div class=\"u-container-layout u-similar-container u-valign-middle-lg u-valign-middle-md u-valign-middle-sm u-valign-middle-xs u-container-layout-1\">\n                <h5 class=\"u-align-left u-text u-text-palette-2-base u-text-2\">01 <br>\n                <\/h5>\n                <h4 class=\"u-align-left u-text u-text-default u-text-3\">Palvelut<\/h4>\n                <p class=\"u-align-left u-text u-text-default u-text-4\"> Tarjoamme korkealaatuista valokuidun hitsauspalvelua valtakunnallisesti. Ty\u00f6 sis\u00e4lt\u00e4\u00e4 kuitukaapeleiden k\u00e4sittely\u00e4, jatkamista, p\u00e4\u00e4tt\u00e4mist\u00e4 ja mittausta.<br>\u2022 Operaattoreiden runkoverkot<br>\u2022 Viankorjaukset ja -selvitykset<br>\u2022 Konesalihitsaukset<br>\u2022 Radalla teht\u00e4v\u00e4t hitsaukset<br>\u2022 Pienkohteiden kuituhitsaukset \n                <\/p>\n              <\/div>\n            <\/div>\n            <div class=\"u-container-style u-list-item u-repeater-item\">\n              <div class=\"u-container-layout u-similar-container u-valign-middle-lg u-valign-middle-md u-valign-middle-sm u-valign-middle-xs u-container-layout-2\">\n                <h5 class=\"u-align-left u-text u-text-palette-2-base u-text-5\">03<\/h5>\n                <h4 class=\"u-align-left u-text u-text-default u-text-6\"> Nykyaikainen kalusto<\/h4>\n                <p class=\"u-align-left u-text u-text-default u-text-7\"> L\u00e4ht\u00f6kohtaisesti meid\u00e4n kalusto on hyvin ekologista ja pid\u00e4mme aina huolen j\u00e4tteist\u00e4mme ja ty\u00f6maiden siisteydest\u00e4 viimeiseen asti. P\u00e4\u00e4urakoitsijat my\u00f6s vaativat tietysti kaikki erin\u00e4iset kurssit ja koulutukset, mit\u00e4 ilman ei t\u00f6it\u00e4 p\u00e4\u00e4st\u00e4 edes tekem\u00e4\u00e4n. Luontoa kunnioitetaan aina omalta osaltamme ja jos ty\u00f6t vaativat jotain erikoistoimenpiteit\u00e4, niin mit\u00e4\u00e4n ei ryhdyt\u00e4 itse tekem\u00e4\u00e4n ilman muiden alojen ammattilaisten mielipiteit\u00e4.<\/p>\n              <\/div>\n            <\/div>\n            <div class=\"u-container-style u-list-item u-repeater-item\">\n              <div class=\"u-container-layout u-similar-container u-valign-middle-lg u-valign-middle-md u-valign-middle-sm u-valign-middle-xs u-container-layout-3\">\n                <h5 class=\"u-align-left u-text u-text-palette-2-base u-text-8\">02<\/h5>\n                <h4 class=\"u-align-left u-text u-text-default u-text-9\"> Osaaminen<\/h4>\n                <p class=\"u-align-left u-text u-text-default u-text-10\"> Meid\u00e4n vahva osaamisemme kattaa k\u00e4yt\u00e4nn\u00f6ss\u00e4 kaikki kaapeli\/jatkostyypit, sek\u00e4 vaativat ja kriittiset kohteet. Yrityksen kilpailuetu on yli 10 vuoden aikana kertynyt poikkeuksellinen ammattitaito, laatu ja tehokkuus.<\/p>\n              <\/div>\n            <\/div>\n            <div class=\"u-container-style u-list-item u-repeater-item\">\n              <div class=\"u-container-layout u-similar-container u-valign-middle-lg u-valign-middle-md u-valign-middle-sm u-valign-middle-xs u-container-layout-4\">\n                <h5 class=\"u-align-left u-text u-text-palette-2-base u-text-11\">04<\/h5>\n                <h4 class=\"u-align-left u-text u-text-default u-text-12\"> Turvallisuus etusijalla<\/h4>\n                <p class=\"u-align-left u-text u-text-default u-text-13\"> Turvallisuus on meille ehdoton prioriteetti jokaisessa projektissa. Ty\u00f6skentelemme aina m\u00e4\u00e4r\u00e4ysten mukaisesti ja noudatamme tiukkoja turvallisuusstandardeja. Huolehdimme sek\u00e4 ty\u00f6ntekij\u00f6idemme ett\u00e4 ymp\u00e4rist\u00f6n turvallisuudesta kaikissa olosuhteissa.<\/p>\n              <\/div>\n            <\/div>\n          <\/div>\n        <\/div>\n      <\/div>\n    <\/section>\n    <section class=\"u-clearfix u-section-4\" id=\"otayhteytta\">\n      <div class=\"u-clearfix u-sheet u-valign-middle-lg u-valign-middle-sm u-valign-middle-xs u-sheet-1\">\n        <h3 class=\"u-align-center u-text u-text-1\"> Ota yhteytt\u00e4!<\/h3>\n        <p class=\"u-text u-text-2\"><span style=\"font-weight: 700;\"> Tomi Mikkonen<\/span>\n          <br>yritt\u00e4j\u00e4 <br>puhelin: \u200b044 494 5456<br>vikap\u00e4ivystys: \u200b\u200b044 494 5456<br>s\u00e4hk\u00f6posti:&nbsp;<a href=\"mailto:tomi.mikkonen@askolankuitu.com\" class=\"u-active-none u-border-none u-btn u-button-link u-button-style u-hover-none u-none u-text-palette-1-base u-btn-1\"> tomi.mikkonen@askolankuitu.com<\/a>\n        <\/p>\n        <p class=\"u-text u-text-3\"><span style=\"font-weight: 700;\"> Eemi Kuljukka<\/span>\n          <br>toimitusjohtaja, yritt\u00e4j\u00e4 <br>puhelin: 040 728 4755<br>vikap\u00e4ivystys: 040 728 4755<br>s\u00e4hk\u00f6posti:&nbsp;<a href=\"mailto:eemi.kuljukka@askolankuitu.com\" class=\"u-active-none u-border-none u-btn u-button-style u-hover-none u-none u-text-palette-1-base u-btn-2\">eemi.kuljukka@askolankuitu.com<\/a>\n        <\/p>\n        <div class=\"data-layout-selected u-clearfix u-expanded-width u-layout-wrap u-layout-wrap-1\">\n          <div class=\"u-layout\" style=\"\">\n            <div class=\"u-layout-row\" style=\"\">\n              <div class=\"u-align-center u-container-align-center u-container-align-left u-container-style u-layout-cell u-size-60 u-layout-cell-1\">\n                <div class=\"u-container-layout u-valign-top-lg u-valign-top-md u-valign-top-sm u-valign-top-xs u-container-layout-1\">\n                  <div class=\"custom-expanded u-form u-form-1\">\n                    <form action=\"https:\/\/service.nicepagesrv.com\/form\/v4\/form-process\" class=\"u-clearfix u-form-spacing-20 u-form-vertical u-inner-form\" source=\"email\" name=\"form-1\" style=\"padding: 0px;\">\n                      <div class=\"u-form-group u-form-name u-form-partition-factor-2 u-form-group-1\">\n                        <label for=\"name-a84f\" class=\"u-label\">Etunimi<\/label>\n                        <input type=\"text\" placeholder=\"etunimesi\" id=\"name-a84f\" name=\"name-1\" class=\"u-border-none u-grey-5 u-input u-input-rectangle u-radius u-input-1\" required=\"\">\n                      <\/div>\n                      <div class=\"u-form-group u-form-name u-form-partition-factor-2 u-form-group-2\">\n                        <label for=\"name-a84f\" class=\"u-label\">Sukunimi<\/label>\n                        <input type=\"text\" placeholder=\"sukunimesi\" id=\"name-a84f\" name=\"name-2\" class=\"u-border-none u-grey-5 u-input u-input-rectangle u-radius u-input-2\" required=\"\">\n                      <\/div>\n                      <div class=\"u-form-email u-form-group\">\n                        <label for=\"email-75aa\" class=\"u-label\">S\u00e4hk\u00f6posti<\/label>\n                        <input type=\"email\" placeholder=\"s\u00e4hk\u00f6postiosoitteesi\" id=\"email-75aa\" name=\"email\" class=\"u-border-none u-grey-5 u-input u-input-rectangle u-radius u-input-3\" required=\"\">\n                      <\/div>\n                      <div class=\"u-form-group u-form-message\">\n                        <label for=\"message-75aa\" class=\"u-label\">Viesti <\/label>\n                        <textarea placeholder=\"kirjoita viestisi\" rows=\"4\" cols=\"50\" id=\"message-75aa\" name=\"message\" class=\"u-border-none u-grey-5 u-input u-input-rectangle u-radius u-input-4\" required=\"\"><\/textarea>\n                      <\/div>\n                      <div class=\"u-align-left u-form-group u-form-submit\">\n                        <a href=\"#\" class=\"u-border-none u-btn u-btn-round u-btn-submit u-button-style u-radius u-btn-3\">L\u00e4het\u00e4<\/a>\n                        <input type=\"submit\" value=\"submit\" class=\"u-form-control-hidden\">\n                      <\/div>\n                      <div class=\"u-form-send-message u-form-send-success\">Kiitos viestist\u00e4si. Vastaamme viestiisi mahdollisimman pian.<\/div>\n                      <div class=\"u-form-send-error u-form-send-message\">Unable to send your message. Please fix errors then try again.<\/div>\n                      <input type=\"hidden\" value=\"\" name=\"recaptchaResponse\">\n                      <input type=\"hidden\" name=\"formServices\" value=\"a8242788-f460-e237-8499-770e2be5b346;27529086-cb12-902e-2cd5-50362a2dc14f\">\n                      <input type=\"hidden\" name=\"siteKey\" value=\"6LeygU0sAAAAAFzTdvrmXyfOiLfNy_uJ4FAGchLo\">\n                    <\/form>\n                  <\/div>\n                <\/div>\n              <\/div>\n            <\/div>\n          <\/div>\n        <\/div>\n      <\/div>\n    <\/section>\n    \n    \n    \n  \n<\/div>","protected":false},"excerpt":{"rendered":"<p>Luotettavaa valokuidun hitsausta verkkoyhti\u00f6lle Askolan Kuitu on valokuiturakentamisen huippuosaaja. Olemme erikoistuneet valokuituverkkojen rakentamiseen, asennukseen ja yll\u00e4pitoon. Ota yhteytt\u00e4! Vahvuutemme \u2013 Ammattitaito, kalusto ja turvallisuus 01 Palvelut Tarjoamme korkealaatuista valokuidun hitsauspalvelua valtakunnallisesti. Ty\u00f6 sis\u00e4lt\u00e4\u00e4 kuitukaapeleiden k\u00e4sittely\u00e4, jatkamista, p\u00e4\u00e4tt\u00e4mist\u00e4 ja mittausta.\u2022 Operaattoreiden runkoverkot\u2022 Viankorjaukset ja -selvitykset\u2022 Konesalihitsaukset\u2022 Radalla teht\u00e4v\u00e4t hitsaukset\u2022 Pienkohteiden kuituhitsaukset 03 Nykyaikainen kalusto L\u00e4ht\u00f6kohtaisesti meid\u00e4n [&hellip;]<\/p>\n","protected":false},"author":1,"featured_media":0,"parent":0,"menu_order":1,"comment_status":"closed","ping_status":"closed","template":"","meta":{"footnotes":""},"class_list":["post-35","page","type-page","status-publish","hentry"],"_links":{"self":[{"href":"https:\/\/askolankuitu.fi\/index.php\/wp-json\/wp\/v2\/pages\/35","targetHints":{"allow":["GET"]}}],"collection":[{"href":"https:\/\/askolankuitu.fi\/index.php\/wp-json\/wp\/v2\/pages"}],"about":[{"href":"https:\/\/askolankuitu.fi\/index.php\/wp-json\/wp\/v2\/types\/page"}],"author":[{"embeddable":true,"href":"https:\/\/askolankuitu.fi\/index.php\/wp-json\/wp\/v2\/users\/1"}],"replies":[{"embeddable":true,"href":"https:\/\/askolankuitu.fi\/index.php\/wp-json\/wp\/v2\/comments?post=35"}],"version-history":[{"count":2,"href":"https:\/\/askolankuitu.fi\/index.php\/wp-json\/wp\/v2\/pages\/35\/revisions"}],"predecessor-version":[{"id":43,"href":"https:\/\/askolankuitu.fi\/index.php\/wp-json\/wp\/v2\/pages\/35\/revisions\/43"}],"wp:attachment":[{"href":"https:\/\/askolankuitu.fi\/index.php\/wp-json\/wp\/v2\/media?parent=35"}],"curies":[{"name":"wp","href":"https:\/\/api.w.org\/{rel}","templated":true}]}}